{"id":154941,"date":"2025-03-11T17:20:51","date_gmt":"2025-03-11T16:20:51","guid":{"rendered":"https:\/\/coronado-4.com\/politica-de-cookies\/"},"modified":"2025-04-28T12:12:25","modified_gmt":"2025-04-28T10:12:25","slug":"politica-de-cookies","status":"publish","type":"page","link":"https:\/\/carreteria-9.com\/es\/politica-de-cookies\/","title":{"rendered":"Pol\u00edtica de Cookies"},"content":{"rendered":"<div class=\"wpb-content-wrapper\"><p>[vc_row unlock_row_content=\u00bbyes\u00bb row_height_percent=\u00bb58&#8243; back_image=\u00bb154181&#8243; back_position=\u00bbcenter top\u00bb overlay_alpha=\u00bb50&#8243; gutter_size=\u00bb3&#8243; column_width_percent=\u00bb100&#8243; shift_y=\u00bb0&#8243; z_index=\u00bb0&#8243; content_parallax=\u00bb0&#8243; uncode_shortcode_id=\u00bb212307&#8243; row_height_pixel=\u00bb300&#8243;][vc_column column_width_percent=\u00bb100&#8243; gutter_size=\u00bb3&#8243; style=\u00bbdark\u00bb overlay_alpha=\u00bb50&#8243; shift_x=\u00bb0&#8243; shift_y=\u00bb0&#8243; shift_y_down=\u00bb0&#8243; z_index=\u00bb0&#8243; medium_width=\u00bb0&#8243; mobile_width=\u00bb0&#8243; width=\u00bb1\/1&#8243; uncode_shortcode_id=\u00bb185272&#8243;][\/vc_column][\/vc_row][vc_row][vc_column][vc_column_text uncode_shortcode_id=\u00bb141178&#8243;]<strong>Pol\u00edtica de Cookies<\/strong><\/p>\n<p>Una cookie es un peque\u00f1o archivo de texto que se almacena en tu navegador cuando visitas casi cualquier sitio web. Su utilidad radica en que el sitio web puede recordar tu visita cuando regresas a navegar por esa p\u00e1gina. Las cookies suelen almacenar informaci\u00f3n de car\u00e1cter t\u00e9cnico, preferencias personales, personalizaci\u00f3n de contenido, estad\u00edsticas de uso, enlaces a redes sociales, acceso a cuentas de usuario, etc. El prop\u00f3sito de la cookie es adaptar el contenido del sitio web a tu perfil y necesidades; sin cookies, los servicios ofrecidos por cualquier p\u00e1gina se ver\u00edan significativamente reducidos. Si deseas m\u00e1s informaci\u00f3n sobre qu\u00e9 son las cookies, qu\u00e9 almacenan, c\u00f3mo eliminarlas, desactivarlas, etc., por favor visita este enlace.<\/p>\n<p><strong>Cookies utilizadas en este sitio web<\/strong><\/p>\n<p>Siguiendo las directrices de la Agencia Espa\u00f1ola de Protecci\u00f3n de Datos, procedemos a detallar el uso de cookies en este sitio web para informarte de la manera m\u00e1s precisa posible.<\/p>\n<p>Este sitio web utiliza las siguientes cookies:<\/p>\n<p><strong>Cookies de sesi\u00f3n<\/strong>,\u00a0 para asegurar que los usuarios que escriben comentarios en el blog son humanos y no aplicaciones automatizadas. Esto ayuda a combatir el spam.<\/p>\n<p>Este sitio web utiliza las siguientes cookies de terceros:<\/p>\n<p><strong>Google Analytics<\/strong>: Almacena cookies para recopilar estad\u00edsticas sobre el tr\u00e1fico y volumen de visitas a este sitio web. Al utilizar este sitio web, consientes el tratamiento de tus datos por parte de Google. Por lo tanto, el ejercicio de cualquier derecho al respecto debe realizarse contactando directamente con Google.<br \/>\n<strong>Redes sociales<\/strong>: Cada red social utiliza sus propias cookies para que puedas hacer clic en botones como Me gusta o Compartir.<\/p>\n<p><strong>Desactivaci\u00f3n o eliminaci\u00f3n de cookies<\/strong><\/p>\n<p>Puedes ejercer tu derecho a desactivar o eliminar las cookies de este sitio web en cualquier momento. Estas acciones se realizan de manera diferente seg\u00fan el navegador que utilices. Aqu\u00ed tienes una gu\u00eda r\u00e1pida para los navegadores m\u00e1s populares.<\/p>\n<p><strong>Notas adicionales<\/strong><\/p>\n<p>&#8211; Ni este sitio web ni sus representantes legales son responsables del contenido ni de la veracidad de las pol\u00edticas de privacidad de los terceros mencionados en esta pol\u00edtica de cookies.<br \/>\n&#8211; Los navegadores web son las herramientas responsables de almacenar las cookies y es en ellos donde debes ejercer tu derecho a eliminarlas o desactivarlas. Ni este sitio web ni sus representantes legales pueden garantizar el manejo correcto o incorrecto de las cookies por parte de los navegadores mencionados.<br \/>\n&#8211; En algunos casos, es necesario instalar cookies para que el navegador no olvide tu decisi\u00f3n de no aceptarlas.<br \/>\n&#8211; En el caso de las cookies de Google Analytics, esta empresa almacena cookies en servidores ubicados en Estados Unidos y se compromete a no compartirlas con terceros, excepto en casos en los que sea necesario para el funcionamiento del sistema o cuando la ley lo exija. Seg\u00fan Google, no almacena tu direcci\u00f3n IP. Google Inc. es miembro del Acuerdo Safe Harbour, que garantiza que todos los datos transferidos se tratar\u00e1n con un nivel de protecci\u00f3n conforme a la normativa europea.<br \/>\n&#8211; Si tienes alguna duda o consulta sobre esta pol\u00edtica de cookies, no dudes en contactarnos a trav\u00e9s de la secci\u00f3n de contacto.[\/vc_column_text][\/vc_column][\/vc_row]<\/p>\n<\/div>","protected":false},"excerpt":{"rendered":"<p>[vc_row unlock_row_content=\u00bbyes\u00bb row_height_percent=\u00bb58&#8243; back_image=\u00bb154181&#8243; back_position=\u00bbcenter top\u00bb overlay_alpha=\u00bb50&#8243; gutter_size=\u00bb3&#8243; column_width_percent=\u00bb100&#8243; shift_y=\u00bb0&#8243; z_index=\u00bb0&#8243; content_parallax=\u00bb0&#8243; uncode_shortcode_id=\u00bb212307&#8243; row_height_pixel=\u00bb300&#8243;][vc_column column_width_percent=\u00bb100&#8243; gutter_size=\u00bb3&#8243; style=\u00bbdark\u00bb overlay_alpha=\u00bb50&#8243; shift_x=\u00bb0&#8243; shift_y=\u00bb0&#8243; [&hellip;]<\/p>\n","protected":false},"author":2,"featured_media":0,"parent":0,"menu_order":0,"comment_status":"closed","ping_status":"closed","template":"","meta":{"footnotes":""},"class_list":["post-154941","page","type-page","status-publish","hentry"],"_links":{"self":[{"href":"https:\/\/carreteria-9.com\/es\/wp-json\/wp\/v2\/pages\/154941","targetHints":{"allow":["GET"]}}],"collection":[{"href":"https:\/\/carreteria-9.com\/es\/wp-json\/wp\/v2\/pages"}],"about":[{"href":"https:\/\/carreteria-9.com\/es\/wp-json\/wp\/v2\/types\/page"}],"author":[{"embeddable":true,"href":"https:\/\/carreteria-9.com\/es\/wp-json\/wp\/v2\/users\/2"}],"replies":[{"embeddable":true,"href":"https:\/\/carreteria-9.com\/es\/wp-json\/wp\/v2\/comments?post=154941"}],"version-history":[{"count":3,"href":"https:\/\/carreteria-9.com\/es\/wp-json\/wp\/v2\/pages\/154941\/revisions"}],"predecessor-version":[{"id":154946,"href":"https:\/\/carreteria-9.com\/es\/wp-json\/wp\/v2\/pages\/154941\/revisions\/154946"}],"wp:attachment":[{"href":"https:\/\/carreteria-9.com\/es\/wp-json\/wp\/v2\/media?parent=154941"}],"curies":[{"name":"wp","href":"https:\/\/api.w.org\/{rel}","templated":true}]}}