{"id":154937,"date":"2025-03-12T17:07:00","date_gmt":"2025-03-12T16:07:00","guid":{"rendered":"https:\/\/coronado-4.com\/terms-of-use\/"},"modified":"2025-04-28T12:07:46","modified_gmt":"2025-04-28T10:07:46","slug":"terms-of-use","status":"publish","type":"page","link":"https:\/\/carreteria-9.com\/es\/terms-of-use\/","title":{"rendered":"T\u00e9rminos de uso"},"content":{"rendered":"<div class=\"wpb-content-wrapper\"><p>[vc_row unlock_row_content=\u00bbyes\u00bb row_height_percent=\u00bb58&#8243; back_image=\u00bb154181&#8243; back_position=\u00bbcenter top\u00bb overlay_alpha=\u00bb50&#8243; gutter_size=\u00bb3&#8243; column_width_percent=\u00bb100&#8243; shift_y=\u00bb0&#8243; z_index=\u00bb0&#8243; content_parallax=\u00bb0&#8243; uncode_shortcode_id=\u00bb154796&#8243; row_height_pixel=\u00bb300&#8243;][vc_column column_width_percent=\u00bb100&#8243; gutter_size=\u00bb3&#8243; style=\u00bbdark\u00bb overlay_alpha=\u00bb50&#8243; shift_x=\u00bb0&#8243; shift_y=\u00bb0&#8243; shift_y_down=\u00bb0&#8243; z_index=\u00bb0&#8243; medium_width=\u00bb0&#8243; mobile_width=\u00bb0&#8243; width=\u00bb1\/1&#8243; uncode_shortcode_id=\u00bb185272&#8243;][\/vc_column][\/vc_row][vc_row][vc_column width=\u00bb1\/1&#8243;][vc_column_text uncode_shortcode_id=\u00bb539103&#8243;]El uso de este sitio web est\u00e1 sujeto a estas Condiciones de Uso. Nos reservamos el derecho de actualizar las Condiciones de Uso en cualquier momento y sin previo aviso. La versi\u00f3n m\u00e1s actual de las Condiciones de Uso puede ser consultada haciendo clic en el enlace de \u00abCondiciones de Uso\u00bb ubicado en la parte inferior de nuestras p\u00e1ginas web.<\/p>\n<p>Salvo que se indique lo contrario, el sitio web es para tu uso personal y no comercial. No podr\u00e1s modificar, copiar, distribuir, transmitir, mostrar, realizar, reproducir, publicar, licenciar, transferir ni vender ninguna informaci\u00f3n obtenida del sitio web. Este sitio web y su contenido est\u00e1n protegidos por la legislaci\u00f3n vigente en materia de propiedad intelectual. Bellingtons Property Group S.L. es el propietario o licenciatario de todos los derechos de propiedad intelectual e industrial de su sitio web, as\u00ed como de los elementos contenidos en \u00e9l.<\/p>\n<p>Las marcas comerciales, nombres comerciales o signos distintivos son propiedad de Bellingtons Property Group S.L., ya sea por propiedad industrial o intelectual, sin que el acceso al portal signifique ning\u00fan derecho sobre las marcas, nombres comerciales o signos distintivos.<\/p>\n<p>Todos los productos y servicios en estas p\u00e1ginas que NO son propiedad de Bellingtons Property Group S.L. son marcas registradas de sus respectivos propietarios y son reconocidos como tales por nuestra empresa. Solo aparecen en el sitio web de Bellingtons Property Group S.L. con fines de promoci\u00f3n y recopilaci\u00f3n de informaci\u00f3n. Estos propietarios pueden solicitar la modificaci\u00f3n o eliminaci\u00f3n de la informaci\u00f3n que les pertenece.<\/p>\n<p>No podr\u00e1s utilizar el sitio web para ninguna actividad que pueda considerarse ilegal o prohibida por estos t\u00e9rminos, condiciones y avisos. Se proh\u00edbe cualquier actividad que pueda da\u00f1ar, deshabilitar, sobrecargar o deteriorar cualquiera de nuestros servidores, o la(s) red(es) conectada(s) a cualquiera de nuestros servidores, o interferir con el uso y disfrute del sitio web por parte de otros.<\/p>\n<p>Cualquier intento de obtener acceso no autorizado a otras cuentas, sistemas inform\u00e1ticos o redes conectadas a cualquiera de nuestros servidores o a cualquier parte del sitio web, mediante hacking, miner\u00eda de contrase\u00f1as o cualquier otro medio, tambi\u00e9n ser\u00e1 prohibido. No podr\u00e1s adquirir ni intentar adquirir materiales o informaci\u00f3n a trav\u00e9s de ning\u00fan medio que se haya puesto intencionadamente a disposici\u00f3n en el sitio web.<\/p>\n<p><strong>Exclusi\u00f3n de Responsabilidad<\/strong><\/p>\n<p>Bellingtons Property Group S.L. no se hace responsable de las acciones realizadas a partir de la informaci\u00f3n proporcionada en el Portal ni de los da\u00f1os causados al Usuario o a terceros debido a acciones que tengan como \u00fanica base la informaci\u00f3n obtenida en el Portal.<\/p>\n<p>El acceso al Portal no implica la obligaci\u00f3n por parte de Bellingtons Property Group de controlar la ausencia de virus, gusanos o cualquier otro elemento inform\u00e1tico da\u00f1ino. Es responsabilidad del Usuario, en cualquier caso, disponer de las herramientas adecuadas para la detecci\u00f3n y desinfecci\u00f3n de programas inform\u00e1ticos da\u00f1inos. Bellingtons Property Group S.L. no se hace responsable de los da\u00f1os causados durante el uso del servicio del Portal al equipo inform\u00e1tico del Usuario o de terceros.<\/p>\n<p>El acceso al Portal requiere servicios y suministros de terceros, a trav\u00e9s de redes de telecomunicaciones cuya fiabilidad, calidad, continuidad y funcionamiento no corresponden a Bellingtons Property Group S.L. Por lo tanto, los servicios prestados a trav\u00e9s del Portal pueden ser suspendidos, cancelados o inaccesibles, antes o simult\u00e1neamente al uso del servicio del Portal.<\/p>\n<p>Bellingtons Property Group S.L. no se hace responsable de los da\u00f1os de cualquier tipo al usuario causados por fallos o desconexiones en las redes de telecomunicaciones que provoquen la suspensi\u00f3n, cancelaci\u00f3n o interrupci\u00f3n del servicio del Portal durante su prestaci\u00f3n o con anterioridad.<\/p>\n<p><strong>Contenidos y Servicios Vinculados a trav\u00e9s del Portal<\/strong><\/p>\n<p>El acceso al Portal incluye dispositivos t\u00e9cnicos de enlace, directorios e incluso herramientas de b\u00fasqueda que permiten al Usuario acceder a otras p\u00e1ginas y portales de Internet (en adelante, \u00abSitios Vinculados\u00bb). En estos casos, Bellingtons Property Group S.L. act\u00faa como proveedor de servicios de intermediaci\u00f3n conforme al art\u00edculo 17 de la Ley 34\/2002, de 12 de julio, de Servicios de la Sociedad de la Informaci\u00f3n y Comercio Electr\u00f3nico (LSSI) y solo ser\u00e1 responsable de los contenidos y servicios proporcionados en los Sitios Vinculados en la medida en que tenga conocimiento efectivo de la ilegalidad y no haya desactivado el enlace con la debida diligencia.<\/p>\n<p>En caso de que el Usuario considere que existe un Sitio Vinculado con contenido ilegal o inapropiado, podr\u00e1 comunicarlo a Bellingtons Property Group S.L.<\/p>\n<p>En cualquier caso, la existencia de sitios vinculados no deber\u00e1 suponer la existencia de acuerdos con los responsables o titulares de dichos sitios, ni recomendaciones, promociones ni la relaci\u00f3n de Bellingtons Property Group S.L. con los anuncios, contenidos o servicios proporcionados.[\/vc_column_text][\/vc_column][\/vc_row]<\/p>\n<\/div>","protected":false},"excerpt":{"rendered":"<p>[vc_row unlock_row_content=\u00bbyes\u00bb row_height_percent=\u00bb58&#8243; back_image=\u00bb154181&#8243; back_position=\u00bbcenter top\u00bb overlay_alpha=\u00bb50&#8243; gutter_size=\u00bb3&#8243; column_width_percent=\u00bb100&#8243; shift_y=\u00bb0&#8243; z_index=\u00bb0&#8243; content_parallax=\u00bb0&#8243; uncode_shortcode_id=\u00bb154796&#8243; row_height_pixel=\u00bb300&#8243;][vc_column column_width_percent=\u00bb100&#8243; gutter_size=\u00bb3&#8243; style=\u00bbdark\u00bb overlay_alpha=\u00bb50&#8243; shift_x=\u00bb0&#8243; shift_y=\u00bb0&#8243; [&hellip;]<\/p>\n","protected":false},"author":2,"featured_media":0,"parent":0,"menu_order":0,"comment_status":"closed","ping_status":"closed","template":"","meta":{"footnotes":""},"class_list":["post-154937","page","type-page","status-publish","hentry"],"_links":{"self":[{"href":"https:\/\/carreteria-9.com\/es\/wp-json\/wp\/v2\/pages\/154937","targetHints":{"allow":["GET"]}}],"collection":[{"href":"https:\/\/carreteria-9.com\/es\/wp-json\/wp\/v2\/pages"}],"about":[{"href":"https:\/\/carreteria-9.com\/es\/wp-json\/wp\/v2\/types\/page"}],"author":[{"embeddable":true,"href":"https:\/\/carreteria-9.com\/es\/wp-json\/wp\/v2\/users\/2"}],"replies":[{"embeddable":true,"href":"https:\/\/carreteria-9.com\/es\/wp-json\/wp\/v2\/comments?post=154937"}],"version-history":[{"count":2,"href":"https:\/\/carreteria-9.com\/es\/wp-json\/wp\/v2\/pages\/154937\/revisions"}],"predecessor-version":[{"id":154943,"href":"https:\/\/carreteria-9.com\/es\/wp-json\/wp\/v2\/pages\/154937\/revisions\/154943"}],"wp:attachment":[{"href":"https:\/\/carreteria-9.com\/es\/wp-json\/wp\/v2\/media?parent=154937"}],"curies":[{"name":"wp","href":"https:\/\/api.w.org\/{rel}","templated":true}]}}