{"id":154923,"date":"2025-03-19T13:42:28","date_gmt":"2025-03-19T12:42:28","guid":{"rendered":"https:\/\/coronado-4.com\/location\/"},"modified":"2025-05-12T11:41:06","modified_gmt":"2025-05-12T09:41:06","slug":"location","status":"publish","type":"page","link":"https:\/\/carreteria-9.com\/es\/location\/","title":{"rendered":"Location"},"content":{"rendered":"<div class=\"wpb-content-wrapper\"><p>[vc_row row_height_percent=\u00bb100&#8243; override_padding=\u00bbyes\u00bb h_padding=\u00bb0&#8243; top_padding=\u00bb5&#8243; bottom_padding=\u00bb5&#8243; back_color=\u00bbcolor-wayh\u00bb back_image=\u00bb154994&#8243; kburns=\u00bbyes\u00bb overlay_color=\u00bbcolor-wayh\u00bb overlay_alpha=\u00bb34&#8243; gutter_size=\u00bb3&#8243; column_width_percent=\u00bb100&#8243; shift_y=\u00bb0&#8243; z_index=\u00bb0&#8243; content_parallax=\u00bb0&#8243; uncode_shortcode_id=\u00bb101020&#8243; back_color_type=\u00bbuncode-palette\u00bb overlay_color_type=\u00bbuncode-palette\u00bb back_size=\u00bbcover\u00bb][vc_column column_width_percent=\u00bb100&#8243; position_vertical=\u00bbmiddle\u00bb align_horizontal=\u00bbalign_center\u00bb gutter_size=\u00bb3&#8243; style=\u00bbdark\u00bb overlay_alpha=\u00bb50&#8243; shift_x=\u00bb0&#8243; shift_y=\u00bb0&#8243; shift_y_down=\u00bb0&#8243; z_index=\u00bb0&#8243; medium_width=\u00bb0&#8243; mobile_width=\u00bb0&#8243; width=\u00bb1\/1&#8243; mobile_height=\u00bb360&#8243; uncode_shortcode_id=\u00bb541268&#8243;][vc_single_image media=\u00bb155097&#8243; media_width_percent=\u00bb66&#8243; alignment=\u00bbcenter\u00bb css_animation=\u00bbtop-t-bottom\u00bb animation_speed=\u00bb2000&#8243; animation_delay=\u00bb400&#8243; uncode_shortcode_id=\u00bb170063&#8243;][\/vc_column][\/vc_row][vc_row unlock_row_content=\u00bbyes\u00bb row_height_percent=\u00bb0&#8243; override_padding=\u00bbyes\u00bb h_padding=\u00bb2&#8243; top_padding=\u00bb5&#8243; bottom_padding=\u00bb5&#8243; back_image=\u00bb154224&#8243; back_repeat=\u00bbrepeat\u00bb overlay_alpha=\u00bb50&#8243; gutter_size=\u00bb4&#8243; column_width_use_pixel=\u00bbyes\u00bb shift_y=\u00bb0&#8243; z_index=\u00bb0&#8243; content_parallax=\u00bb0&#8243; uncode_shortcode_id=\u00bb180703&#8243; column_width_pixel=\u00bb1500&#8243; back_size=\u00bbauto\u00bb][vc_column width=\u00bb1\/2&#8243;][vc_single_image media=\u00bb155008&#8243; media_width_percent=\u00bb100&#8243; media_ratio=\u00bbone-one\u00bb alignment=\u00bbcenter\u00bb shape=\u00bbimg-round\u00bb radius=\u00bbxl\u00bb shadow=\u00bbyes\u00bb shadow_weight=\u00bbstd\u00bb shadow_darker=\u00bbyes\u00bb css_animation=\u00bbparallax\u00bb parallax_intensity=\u00bb8&#8243; uncode_shortcode_id=\u00bb139088&#8243;][\/vc_column][vc_column column_width_percent=\u00bb100&#8243; position_vertical=\u00bbjustify\u00bb gutter_size=\u00bb3&#8243; overlay_alpha=\u00bb50&#8243; shift_x=\u00bb0&#8243; shift_y=\u00bb0&#8243; shift_y_down=\u00bb0&#8243; z_index=\u00bb0&#8243; medium_width=\u00bb0&#8243; mobile_width=\u00bb0&#8243; width=\u00bb1\/2&#8243; uncode_shortcode_id=\u00bb200973&#8243;][vc_row_inner limit_content=\u00bb\u00bb][vc_column_inner column_width_percent=\u00bb100&#8243; gutter_size=\u00bb3&#8243; overlay_alpha=\u00bb50&#8243; shift_x=\u00bb0&#8243; shift_y=\u00bb0&#8243; shift_y_down=\u00bb0&#8243; z_index=\u00bb0&#8243; medium_width=\u00bb2&#8243; mobile_width=\u00bb4&#8243; width=\u00bb4\/12&#8243; uncode_shortcode_id=\u00bb101139&#8243;][vc_single_image media=\u00bb154969&#8243; media_width_percent=\u00bb100&#8243; media_ratio=\u00bbfour-three\u00bb shape=\u00bbimg-round\u00bb radius=\u00bbxl\u00bb css_animation=\u00bbtop-t-bottom\u00bb animation_delay=\u00bb800&#8243; uncode_shortcode_id=\u00bb200876&#8243;][\/vc_column_inner][vc_column_inner column_width_percent=\u00bb100&#8243; position_vertical=\u00bbjustify\u00bb gutter_size=\u00bb3&#8243; overlay_alpha=\u00bb50&#8243; shift_x=\u00bb0&#8243; shift_y=\u00bb0&#8243; shift_y_down=\u00bb0&#8243; z_index=\u00bb0&#8243; medium_width=\u00bb6&#8243; mobile_width=\u00bb4&#8243; width=\u00bb5\/12&#8243; uncode_shortcode_id=\u00bb155578&#8243;][\/vc_column_inner][vc_column_inner column_width_percent=\u00bb100&#8243; gutter_size=\u00bb3&#8243; overlay_alpha=\u00bb50&#8243; shift_x=\u00bb0&#8243; shift_y=\u00bb0&#8243; shift_y_down=\u00bb0&#8243; z_index=\u00bb0&#8243; medium_visibility=\u00bbyes\u00bb medium_width=\u00bb0&#8243; mobile_visibility=\u00bbyes\u00bb mobile_width=\u00bb0&#8243; width=\u00bb3\/12&#8243; uncode_shortcode_id=\u00bb164707&#8243;][\/vc_column_inner][\/vc_row_inner][vc_row_inner limit_content=\u00bb\u00bb][vc_column_inner column_width_percent=\u00bb100&#8243; gutter_size=\u00bb2&#8243; overlay_alpha=\u00bb50&#8243; shift_x=\u00bb0&#8243; shift_y=\u00bb0&#8243; shift_y_down=\u00bb0&#8243; z_index=\u00bb0&#8243; medium_width=\u00bb0&#8243; mobile_width=\u00bb0&#8243; width=\u00bb1\/1&#8243; uncode_shortcode_id=\u00bb205534&#8243;][vc_custom_heading heading_semantic=\u00bbh3&#8243; text_font=\u00bbfont-928874&#8243; text_size=\u00bbh1&#8243; css_animation=\u00bbtypewriter\u00bb interval_animation=\u00bb100&#8243; uncode_shortcode_id=\u00bb114763&#8243;]<\/p>\n<p class=\"p1\">M\u00e1laga is art hidden in every corner<\/p>\n<p>[\/vc_custom_heading][vc_custom_heading heading_semantic=\u00bbh6&#8243; text_font=\u00bbfont-170390&#8243; text_size=\u00bbcustom\u00bb text_weight=\u00bb400&#8243; css_animation=\u00bbright-t-left\u00bb uncode_shortcode_id=\u00bb510627&#8243; heading_custom_size=\u00bbclamp(18px,4vw,20px)\u00bb]El centro de M\u00e1laga respira historia entre reflejos dorados, con calles estrechas que serpentean como venas de un coraz\u00f3n antiguo, pavimentadas por pasos de generaciones que a\u00fan susurran al o\u00eddo del viento.<\/p>\n<p>Es el aroma salino del mar entrelazado con el perfume suave del jazm\u00edn, la silueta de la Alcazaba en lo alto, como un guardi\u00e1n eterno, y la Catedral, la Manquita, que se alza con su singular grandeza, bello testimonio de que lo inacabado tambi\u00e9n puede ser majestuoso.<\/p>\n<p>En cada plaza, las fuentes murmuran viejas melod\u00edas mientras las terrazas desbordan vida, copas tintineantes, risas flotando en el aire tibio, y fachadas que el sol acaricia con pinceladas doradas. Los atardeceres se derraman sobre la ciudad en tonos de rosa, fuego y nostalgia.<\/p>\n<p>M\u00e1laga es arte que se esconde en cada rinc\u00f3n, es la sombra de Picasso paseando entre sus recuerdos, es la solemnidad sagrada de su Semana Santa y el estallido vital de su Feria.<\/p>\n<p>Una ciudad que dialoga con el presente sin borrar su memoria, donde los instantes se dilatan entre el eco de un verso y el aroma de un caf\u00e9, y caminar por sus calles es dejarse llevar, suave y sin prisa,<br \/>\ncomo si el mar mismo guiara tus pasos con ternura infinita.[\/vc_custom_heading][vc_empty_space empty_h=\u00bb2&#8243;][vc_button button_color=\u00bbaccent\u00bb size=\u00bbbtn-lg\u00bb border_width=\u00bb0&#8243; uncode_shortcode_id=\u00bb335210&#8243; button_color_type=\u00bbuncode-palette\u00bb link=\u00bburl:https%3A%2F%2Fcarreteria-9.com%2Fes%2Fgallery-images%2F|title:Gallery%20images\u00bb]VER GALER\u00cdA DE IM\u00c1GENES[\/vc_button][\/vc_column_inner][\/vc_row_inner][\/vc_column][\/vc_row][vc_row unlock_row_content=\u00bbyes\u00bb row_height_percent=\u00bb100&#8243; override_padding=\u00bbyes\u00bb h_padding=\u00bb0&#8243; top_padding=\u00bb0&#8243; bottom_padding=\u00bb0&#8243; overlay_alpha=\u00bb50&#8243; gutter_size=\u00bb3&#8243; column_width_percent=\u00bb100&#8243; shift_y=\u00bb0&#8243; z_index=\u00bb0&#8243; content_parallax=\u00bb0&#8243; uncode_shortcode_id=\u00bb177943&#8243; row_height_pixel=\u00bb250&#8243;][vc_column column_width_percent=\u00bb100&#8243; position_vertical=\u00bbmiddle\u00bb gutter_size=\u00bb3&#8243; overlay_alpha=\u00bb50&#8243; shift_x=\u00bb0&#8243; shift_y=\u00bb0&#8243; shift_y_down=\u00bb0&#8243; z_index=\u00bb0&#8243; medium_width=\u00bb0&#8243; mobile_width=\u00bb0&#8243; width=\u00bb1\/1&#8243; uncode_shortcode_id=\u00bb591414&#8243;][vc_single_image media=\u00bb154999&#8243; media_width_percent=\u00bb100&#8243; alignment=\u00bbcenter\u00bb css_animation=\u00bbzoom-in\u00bb uncode_shortcode_id=\u00bb974091&#8243;][\/vc_column][\/vc_row][vc_row row_height_percent=\u00bb0&#8243; override_padding=\u00bbyes\u00bb h_padding=\u00bb2&#8243; top_padding=\u00bb5&#8243; bottom_padding=\u00bb5&#8243; back_image=\u00bb154224&#8243; back_repeat=\u00bbrepeat\u00bb overlay_alpha=\u00bb50&#8243; gutter_size=\u00bb3&#8243; column_width_percent=\u00bb100&#8243; shift_y=\u00bb0&#8243; z_index=\u00bb0&#8243; bottom_divider=\u00bbstep_3_4&#8243; content_parallax=\u00bb0&#8243; uncode_shortcode_id=\u00bb235611&#8243; back_size=\u00bbauto\u00bb][vc_column column_width_percent=\u00bb100&#8243; gutter_size=\u00bb3&#8243; overlay_alpha=\u00bb50&#8243; shift_x=\u00bb0&#8243; shift_y=\u00bb0&#8243; shift_y_down=\u00bb0&#8243; z_index=\u00bb0&#8243; medium_width=\u00bb0&#8243; mobile_width=\u00bb0&#8243; width=\u00bb1\/1&#8243;][vc_row_inner limit_content=\u00bb\u00bb][vc_column_inner width=\u00bb1\/1&#8243;][vc_custom_heading text_color=\u00bbaccent\u00bb heading_semantic=\u00bbh6&#8243; text_size=\u00bbh6&#8243; text_transform=\u00bbuppercase\u00bb uncode_shortcode_id=\u00bb102107&#8243; text_color_type=\u00bbuncode-palette\u00bb]SIEMPRE CONECTADOS[\/vc_custom_heading][\/vc_column_inner][\/vc_row_inner][vc_row_inner row_inner_height_percent=\u00bb0&#8243; overlay_alpha=\u00bb50&#8243; gutter_size=\u00bb4&#8243; shift_y=\u00bb0&#8243; z_index=\u00bb0&#8243; limit_content=\u00bb\u00bb][vc_column_inner column_width_percent=\u00bb100&#8243; gutter_size=\u00bb3&#8243; overlay_alpha=\u00bb50&#8243; shift_x=\u00bb0&#8243; shift_y=\u00bb0&#8243; shift_y_down=\u00bb0&#8243; z_index=\u00bb0&#8243; medium_width=\u00bb4&#8243; mobile_width=\u00bb0&#8243; width=\u00bb6\/12&#8243;][vc_custom_heading heading_semantic=\u00bbh3&#8243; text_font=\u00bbfont-170390&#8243; text_size=\u00bbh1&#8243; uncode_shortcode_id=\u00bb423731&#8243;]principales distancias desde M\u00e1laga[\/vc_custom_heading][vc_progress_bar values=\u00bb%5B%7B%22label%22%3A%22M%C3%A1laga%20%7C%20Aeropuerto%20Internacional%20%20%7C%20%20%2020%20Minutos%22%2C%22value%22%3A%2220%22%2C%22bar_color_type%22%3A%22uncode-palette%22%2C%22bar_color_solid%22%3A%22%23ff0000%22%2C%22back_color_type%22%3A%22uncode-palette%22%2C%22back_color_solid%22%3A%22%23ff0000%22%7D%2C%7B%22label%22%3A%22Marbella%20%7C%2045%20Minutos%22%2C%22value%22%3A%2240%22%2C%22bar_color_type%22%3A%22uncode-palette%22%2C%22bar_color_solid%22%3A%22%23ff0000%22%2C%22back_color_type%22%3A%22uncode-palette%22%2C%22back_color_solid%22%3A%22%23ff0000%22%7D%2C%7B%22label%22%3A%22Sotogrande%20%7C%201%2C30%20h%22%2C%22value%22%3A%2270%22%2C%22bar_color_type%22%3A%22uncode-palette%22%2C%22bar_color_solid%22%3A%22%23ff0000%22%2C%22back_color_type%22%3A%22uncode-palette%22%2C%22back_color_solid%22%3A%22%23ff0000%22%7D%2C%7B%22label%22%3A%22Sierra%20Nevada%20%7C%202%20h%22%2C%22value%22%3A%2290%22%2C%22bar_color_type%22%3A%22uncode-palette%22%2C%22bar_color%22%3A%22color-454030%22%2C%22bar_color_solid%22%3A%22%23ff0000%22%2C%22back_color_type%22%3A%22uncode-palette%22%2C%22back_color_solid%22%3A%22%23ff0000%22%7D%5D\u00bb style=\u00bbvariant\u00bb css_animation=\u00bbleft-t-right\u00bb][vc_custom_heading heading_semantic=\u00bbh3&#8243; text_font=\u00bbfont-170390&#8243; text_size=\u00bbh1&#8243; uncode_shortcode_id=\u00bb159079&#8243;]principales distancias desde Carreter\u00eda 9[\/vc_custom_heading][vc_progress_bar values=\u00bb%5B%7B%22label%22%3A%22Plaza%20Constpaseandotuci%C3%B3n%20%7C%20%205%20minutos%20%20paseando%22%2C%22value%22%3A%225%22%2C%22bar_color_type%22%3A%22uncode-palette%22%2C%22bar_color_solid%22%3A%22%23ff0000%22%2C%22back_color_type%22%3A%22uncode-palette%22%2C%22back_color_solid%22%3A%22%23ff0000%22%7D%2C%7B%22label%22%3A%22C%2F%20Larios%20%7C%20%205%20minutos%20paseando%22%2C%22value%22%3A%225%22%2C%22bar_color_type%22%3A%22uncode-palette%22%2C%22bar_color_solid%22%3A%22%23ff0000%22%2C%22back_color_type%22%3A%22uncode-palette%22%2C%22back_color_solid%22%3A%22%23ff0000%22%7D%2C%7B%22label%22%3A%22Catedral%20M%C3%A1laga%20%7C%20%207%20minutos%20paseando%22%2C%22value%22%3A%227%22%2C%22bar_color_type%22%3A%22uncode-palette%22%2C%22bar_color_solid%22%3A%22%23ff0000%22%2C%22back_color_type%22%3A%22uncode-palette%22%2C%22back_color_solid%22%3A%22%23ff0000%22%7D%2C%7B%22label%22%3A%22Muelle%20Uno%20%7C%2016%20minutos%20paseando%22%2C%22value%22%3A%2216%22%2C%22bar_color_type%22%3A%22uncode-palette%22%2C%22bar_color%22%3A%22color-454030%22%2C%22bar_color_solid%22%3A%22%23ff0000%22%2C%22back_color_type%22%3A%22uncode-palette%22%2C%22back_color_solid%22%3A%22%23ff0000%22%7D%2C%7B%22label%22%3A%22Malagueta%20Beach%20%7C%2020%20minutos%20paseando%22%2C%22value%22%3A%2220%22%2C%22bar_color_type%22%3A%22uncode-palette%22%2C%22bar_color%22%3A%22color-454030%22%2C%22bar_color_solid%22%3A%22%23ff0000%22%2C%22back_color_type%22%3A%22uncode-palette%22%2C%22back_color_solid%22%3A%22%23ff0000%22%7D%5D\u00bb style=\u00bbvariant\u00bb css_animation=\u00bbzoom-in\u00bb animation_delay=\u00bb900&#8243;][\/vc_column_inner][vc_column_inner column_width_percent=\u00bb100&#8243; gutter_size=\u00bb3&#8243; overlay_alpha=\u00bb50&#8243; shift_x=\u00bb0&#8243; shift_y=\u00bb0&#8243; shift_y_down=\u00bb0&#8243; z_index=\u00bb0&#8243; medium_width=\u00bb2&#8243; mobile_width=\u00bb0&#8243; width=\u00bb3\/12&#8243;][vc_column_text text_lead=\u00bbyes\u00bb uncode_shortcode_id=\u00bb154061&#8243;]Gracias a su eficaz red de comunicaciones, M\u00e1laga es una ciudad en la que podr\u00e1 disfrutar f\u00e1cilmente de su entorno.[\/vc_column_text][vc_single_image media=\u00bb155015&#8243; media_width_percent=\u00bb100&#8243; media_ratio=\u00bbfour-five\u00bb shape=\u00bbimg-round\u00bb radius=\u00bblg\u00bb uncode_shortcode_id=\u00bb147903&#8243;][\/vc_column_inner][\/vc_row_inner][\/vc_column][\/vc_row][vc_row row_height_percent=\u00bb67&#8243; override_padding=\u00bbyes\u00bb h_padding=\u00bb0&#8243; top_padding=\u00bb5&#8243; bottom_padding=\u00bb5&#8243; back_color=\u00bbcolor-wayh\u00bb back_image=\u00bb155022&#8243; parallax=\u00bbyes\u00bb kburns=\u00bbyes\u00bb overlay_color=\u00bbcolor-uydo\u00bb overlay_alpha=\u00bb50&#8243; overlay_color_blend=\u00bbmultiply\u00bb gutter_size=\u00bb3&#8243; column_width_percent=\u00bb100&#8243; shift_y=\u00bb0&#8243; z_index=\u00bb0&#8243; content_parallax=\u00bb0&#8243; uncode_shortcode_id=\u00bb817700&#8243; back_color_type=\u00bbuncode-palette\u00bb overlay_color_type=\u00bbuncode-palette\u00bb][vc_column column_width_percent=\u00bb75&#8243; position_vertical=\u00bbmiddle\u00bb align_horizontal=\u00bbalign_center\u00bb gutter_size=\u00bb3&#8243; style=\u00bbdark\u00bb overlay_alpha=\u00bb50&#8243; shift_x=\u00bb0&#8243; shift_y=\u00bb0&#8243; shift_y_down=\u00bb0&#8243; z_index=\u00bb0&#8243; medium_width=\u00bb0&#8243; mobile_width=\u00bb0&#8243; width=\u00bb1\/1&#8243; mobile_height=\u00bb360&#8243; uncode_shortcode_id=\u00bb186954&#8243;][vc_custom_heading text_font=\u00bbfont-928874&#8243; text_size=\u00bbcustom\u00bb css_animation=\u00bbperspective-words\u00bb animation_speed=\u00bb1000&#8243; animation_delay=\u00bb200&#8243; interval_animation=\u00bb200&#8243; uncode_shortcode_id=\u00bb209054&#8243; heading_custom_size=\u00bbclamp(30px,5vw,50px)\u00bb]Siente el encanto de M\u00e1laga[\/vc_custom_heading][\/vc_column][\/vc_row][vc_row row_height_percent=\u00bb0&#8243; override_padding=\u00bbyes\u00bb h_padding=\u00bb2&#8243; top_padding=\u00bb5&#8243; bottom_padding=\u00bb5&#8243; back_color=\u00bbcolor-397385&#8243; overlay_alpha=\u00bb50&#8243; gutter_size=\u00bb100&#8243; column_width_percent=\u00bb100&#8243; shift_y=\u00bb0&#8243; z_index=\u00bb0&#8243; content_parallax=\u00bb0&#8243; style=\u00bbinherited\u00bb uncode_shortcode_id=\u00bb101634&#8243; back_color_type=\u00bbuncode-palette\u00bb][vc_column column_width_percent=\u00bb100&#8243; position_vertical=\u00bbmiddle\u00bb align_horizontal=\u00bbalign_center\u00bb gutter_size=\u00bb2&#8243; style=\u00bbdark\u00bb overlay_alpha=\u00bb100&#8243; shift_x=\u00bb0&#8243; shift_y=\u00bb0&#8243; shift_y_down=\u00bb0&#8243; z_index=\u00bb0&#8243; medium_width=\u00bb0&#8243; mobile_width=\u00bb0&#8243; css_animation=\u00bbalpha-anim\u00bb animation_speed=\u00bb1000&#8243; animation_delay=\u00bb600&#8243; zoom_width=\u00bb0&#8243; zoom_height=\u00bb0&#8243; width=\u00bb1\/1&#8243; uncode_shortcode_id=\u00bb895213&#8243;][vc_custom_heading heading_semantic=\u00bbh1&#8243; text_font=\u00bbfont-928874&#8243; text_size=\u00bbh1&#8243; text_weight=\u00bb700&#8243; css_animation=\u00bbmarquee-scroll\u00bb marquee_clone=\u00bbyes\u00bb marquee_speed=\u00bb0&#8243; uncode_shortcode_id=\u00bb600267&#8243;]nuestro mayor desarrollo en la ciudad |[\/vc_custom_heading][\/vc_column][\/vc_row][vc_row unlock_row_content=\u00bbyes\u00bb row_height_percent=\u00bb84&#8243; override_padding=\u00bbyes\u00bb h_padding=\u00bb0&#8243; top_padding=\u00bb5&#8243; bottom_padding=\u00bb5&#8243; back_image=\u00bb154464&#8243; back_repeat=\u00bbrepeat\u00bb overlay_color=\u00bbcolor-170958&#8243; overlay_alpha=\u00bb50&#8243; overlay_color_blend=\u00bbmultiply\u00bb equal_height=\u00bbyes\u00bb gutter_size=\u00bb0&#8243; column_width_percent=\u00bb100&#8243; shift_y=\u00bb0&#8243; z_index=\u00bb0&#8243; content_parallax=\u00bb0&#8243; uncode_shortcode_id=\u00bb175634&#8243; back_size=\u00bbauto\u00bb overlay_color_type=\u00bbuncode-palette\u00bb row_height_pixel=\u00bb250&#8243;][vc_column column_width_percent=\u00bb100&#8243; align_horizontal=\u00bbalign_center\u00bb gutter_size=\u00bb3&#8243; overlay_alpha=\u00bb50&#8243; shift_x=\u00bb0&#8243; shift_y=\u00bb0&#8243; shift_y_down=\u00bb0&#8243; z_index=\u00bb0&#8243; medium_width=\u00bb0&#8243; mobile_width=\u00bb0&#8243; width=\u00bb2\/12&#8243; uncode_shortcode_id=\u00bb129334&#8243;][\/vc_column][vc_column column_width_percent=\u00bb100&#8243; gutter_size=\u00bb4&#8243; override_padding=\u00bbyes\u00bb column_padding=\u00bb2&#8243; style=\u00bbdark\u00bb overlay_alpha=\u00bb50&#8243; shift_x=\u00bb0&#8243; shift_y=\u00bb0&#8243; shift_y_down=\u00bb0&#8243; z_index=\u00bb0&#8243; medium_width=\u00bb0&#8243; mobile_width=\u00bb0&#8243; css_animation=\u00bbalpha-anim\u00bb animation_speed=\u00bb1000&#8243; width=\u00bb8\/12&#8243; uncode_shortcode_id=\u00bb147435&#8243;][\/vc_column][vc_column width=\u00bb2\/12&#8243;][\/vc_column][\/vc_row][vc_row unlock_row_content=\u00bbyes\u00bb row_height_percent=\u00bb50&#8243; override_padding=\u00bbyes\u00bb h_padding=\u00bb0&#8243; top_padding=\u00bb0&#8243; bottom_padding=\u00bb0&#8243; back_color=\u00bbcolor-397385&#8243; overlay_alpha=\u00bb100&#8243; gutter_size=\u00bb3&#8243; column_width_percent=\u00bb100&#8243; shift_y=\u00bb0&#8243; z_index=\u00bb0&#8243; content_parallax=\u00bb0&#8243; uncode_shortcode_id=\u00bb413027&#8243; back_color_type=\u00bbuncode-palette\u00bb][vc_column column_width_percent=\u00bb100&#8243; position_horizontal=\u00bbleft\u00bb gutter_size=\u00bb3&#8243; expand_height=\u00bbyes\u00bb overlay_alpha=\u00bb100&#8243; shift_x=\u00bb0&#8243; shift_y=\u00bb0&#8243; shift_y_down=\u00bb0&#8243; z_index=\u00bb0&#8243; medium_width=\u00bb0&#8243; mobile_width=\u00bb0&#8243; zoom_width=\u00bb0&#8243; zoom_height=\u00bb0&#8243; width=\u00bb1\/1&#8243; mobile_height=\u00bb360&#8243;][vc_gmaps latlon=\u00bb36.50840011953824, -4.994493471072227&#8243; size=\u00bb600&#8243; map_color=\u00bbaccent\u00bb ui_color=\u00bbcolor-397385&#8243; zoom=\u00bb15&#8243; map_saturation=\u00bb-100&#8243; map_brightness=\u00bb0&#8243; address=\u00bbAv. Tomas Pascual 6, Office 10&#8243; uncode_shortcode_id=\u00bb129805&#8243; map_color_type=\u00bbuncode-palette\u00bb ui_color_type=\u00bbuncode-palette\u00bb][\/vc_column][\/vc_row][vc_row unlock_row_content=\u00bbyes\u00bb row_height_percent=\u00bb0&#8243; override_padding=\u00bbyes\u00bb h_padding=\u00bb0&#8243; top_padding=\u00bb0&#8243; bottom_padding=\u00bb0&#8243; overlay_alpha=\u00bb50&#8243; gutter_size=\u00bb3&#8243; column_width_percent=\u00bb100&#8243; shift_y=\u00bb0&#8243; z_index=\u00bb0&#8243; content_parallax=\u00bb0&#8243; uncode_shortcode_id=\u00bb468775&#8243;][vc_column width=\u00bb1\/1&#8243;][uncode_block id=\u00bb154302&#8243;][\/vc_column][\/vc_row]<\/p>\n<\/div>","protected":false},"excerpt":{"rendered":"<p>[vc_row row_height_percent=\u00bb100&#8243; override_padding=\u00bbyes\u00bb h_padding=\u00bb0&#8243; top_padding=\u00bb5&#8243; bottom_padding=\u00bb5&#8243; back_color=\u00bbcolor-wayh\u00bb back_image=\u00bb154994&#8243; kburns=\u00bbyes\u00bb overlay_color=\u00bbcolor-wayh\u00bb overlay_alpha=\u00bb34&#8243; gutter_size=\u00bb3&#8243; column_width_percent=\u00bb100&#8243; shift_y=\u00bb0&#8243; z_index=\u00bb0&#8243; content_parallax=\u00bb0&#8243; uncode_shortcode_id=\u00bb101020&#8243; back_color_type=\u00bbuncode-palette\u00bb overlay_color_type=\u00bbuncode-palette\u00bb back_size=\u00bbcover\u00bb][vc_column [&hellip;]<\/p>\n","protected":false},"author":2,"featured_media":0,"parent":0,"menu_order":0,"comment_status":"closed","ping_status":"closed","template":"","meta":{"footnotes":""},"class_list":["post-154923","page","type-page","status-publish","hentry"],"_links":{"self":[{"href":"https:\/\/carreteria-9.com\/es\/wp-json\/wp\/v2\/pages\/154923","targetHints":{"allow":["GET"]}}],"collection":[{"href":"https:\/\/carreteria-9.com\/es\/wp-json\/wp\/v2\/pages"}],"about":[{"href":"https:\/\/carreteria-9.com\/es\/wp-json\/wp\/v2\/types\/page"}],"author":[{"embeddable":true,"href":"https:\/\/carreteria-9.com\/es\/wp-json\/wp\/v2\/users\/2"}],"replies":[{"embeddable":true,"href":"https:\/\/carreteria-9.com\/es\/wp-json\/wp\/v2\/comments?post=154923"}],"version-history":[{"count":8,"href":"https:\/\/carreteria-9.com\/es\/wp-json\/wp\/v2\/pages\/154923\/revisions"}],"predecessor-version":[{"id":155102,"href":"https:\/\/carreteria-9.com\/es\/wp-json\/wp\/v2\/pages\/154923\/revisions\/155102"}],"wp:attachment":[{"href":"https:\/\/carreteria-9.com\/es\/wp-json\/wp\/v2\/media?parent=154923"}],"curies":[{"name":"wp","href":"https:\/\/api.w.org\/{rel}","templated":true}]}}