{"id":154914,"date":"2025-03-13T12:56:37","date_gmt":"2025-03-13T11:56:37","guid":{"rendered":"https:\/\/coronado-4.com\/floor-plans\/"},"modified":"2026-01-21T13:38:59","modified_gmt":"2026-01-21T12:38:59","slug":"floor-plans","status":"publish","type":"page","link":"https:\/\/carreteria-9.com\/es\/floor-plans\/","title":{"rendered":"Floor Plans"},"content":{"rendered":"<div class=\"wpb-content-wrapper\"><p>[vc_row row_height_percent=\u00bb100&#8243; override_padding=\u00bbyes\u00bb h_padding=\u00bb0&#8243; top_padding=\u00bb5&#8243; bottom_padding=\u00bb5&#8243; back_color=\u00bbcolor-wayh\u00bb back_image=\u00bb155106&#8243; kburns=\u00bbyes\u00bb overlay_color=\u00bbcolor-wayh\u00bb overlay_alpha=\u00bb50&#8243; gutter_size=\u00bb3&#8243; column_width_percent=\u00bb100&#8243; shift_y=\u00bb0&#8243; z_index=\u00bb0&#8243; content_parallax=\u00bb0&#8243; uncode_shortcode_id=\u00bb142680&#8243; back_color_type=\u00bbuncode-palette\u00bb overlay_color_type=\u00bbuncode-palette\u00bb back_size=\u00bbcontain\u00bb][vc_column column_width_percent=\u00bb100&#8243; position_vertical=\u00bbmiddle\u00bb align_horizontal=\u00bbalign_center\u00bb gutter_size=\u00bb3&#8243; style=\u00bbdark\u00bb overlay_alpha=\u00bb50&#8243; shift_x=\u00bb0&#8243; shift_y=\u00bb0&#8243; shift_y_down=\u00bb0&#8243; z_index=\u00bb0&#8243; medium_width=\u00bb0&#8243; mobile_width=\u00bb0&#8243; width=\u00bb1\/1&#8243; mobile_height=\u00bb360&#8243; uncode_shortcode_id=\u00bb541268&#8243;][vc_single_image media=\u00bb155104&#8243; media_width_percent=\u00bb42&#8243; alignment=\u00bbcenter\u00bb css_animation=\u00bbtop-t-bottom\u00bb animation_speed=\u00bb2000&#8243; animation_delay=\u00bb400&#8243; uncode_shortcode_id=\u00bb212565&#8243;][\/vc_column][\/vc_row][vc_row row_height_percent=\u00bb0&#8243; override_padding=\u00bbyes\u00bb h_padding=\u00bb2&#8243; top_padding=\u00bb4&#8243; bottom_padding=\u00bb4&#8243; overlay_alpha=\u00bb50&#8243; gutter_size=\u00bb3&#8243; column_width_percent=\u00bb100&#8243; shift_y=\u00bb0&#8243; z_index=\u00bb0&#8243; content_parallax=\u00bb0&#8243; uncode_shortcode_id=\u00bb198967&#8243;][vc_column column_width_percent=\u00bb100&#8243; align_horizontal=\u00bbalign_center\u00bb gutter_size=\u00bb3&#8243; overlay_alpha=\u00bb50&#8243; shift_x=\u00bb0&#8243; shift_y=\u00bb0&#8243; shift_y_down=\u00bb0&#8243; z_index=\u00bb0&#8243; medium_width=\u00bb0&#8243; mobile_width=\u00bb0&#8243; width=\u00bb1\/1&#8243; uncode_shortcode_id=\u00bb108233&#8243;][vc_custom_heading text_font=\u00bbfont-928874&#8243; text_size=\u00bbcustom\u00bb css_animation=\u00bbperspective-words\u00bb animation_speed=\u00bb1000&#8243; animation_delay=\u00bb200&#8243; interval_animation=\u00bb200&#8243; uncode_shortcode_id=\u00bb328607&#8243; heading_custom_size=\u00bbclamp(30px,5vw,50px)\u00bb]Exclusividad sin l\u00edmites[\/vc_custom_heading][vc_custom_heading text_font=\u00bbfont-928874&#8243; css_animation=\u00bbtypewriter\u00bb animation_speed=\u00bb2000&#8243; interval_animation=\u00bb60&#8243; uncode_shortcode_id=\u00bb434570&#8243;]5 \u00fanicas viviendas en el centro hist\u00f3rico de M\u00e1laga[\/vc_custom_heading][vc_column_text text_lead=\u00bbyes\u00bb css_animation=\u00bbbottom-t-top\u00bb animation_delay=\u00bb1200&#8243; uncode_shortcode_id=\u00bb172422&#8243;]Imagina un exclusivo complejo residencial en el coraz\u00f3n de M\u00e1laga, compuesto por <strong>solo cinco viviendas \u00fanicas<\/strong>. Este enclave privado ofrece la combinaci\u00f3n perfecta de lujo, privacidad y comodidad en una de las zonas m\u00e1s animadas de la ciudad.[\/vc_column_text][\/vc_column][\/vc_row][vc_row unlock_row_content=\u00bbyes\u00bb row_height_percent=\u00bb0&#8243; override_padding=\u00bbyes\u00bb h_padding=\u00bb2&#8243; top_padding=\u00bb5&#8243; bottom_padding=\u00bb5&#8243; back_image=\u00bb154224&#8243; back_repeat=\u00bbrepeat\u00bb overlay_color=\u00bbcolor-157858&#8243; overlay_alpha=\u00bb24&#8243; gutter_size=\u00bb4&#8243; column_width_use_pixel=\u00bbyes\u00bb shift_y=\u00bb0&#8243; z_index=\u00bb0&#8243; content_parallax=\u00bb0&#8243; column_width_pixel=\u00bb1600&#8243; uncode_shortcode_id=\u00bb131839&#8243; back_size=\u00bbauto\u00bb overlay_color_type=\u00bbuncode-palette\u00bb][vc_column column_width_percent=\u00bb100&#8243; gutter_size=\u00bb3&#8243; overlay_alpha=\u00bb50&#8243; shadow=\u00bblg\u00bb shift_x=\u00bb0&#8243; shift_y=\u00bb0&#8243; shift_y_down=\u00bb0&#8243; z_index=\u00bb0&#8243; medium_width=\u00bb0&#8243; mobile_width=\u00bb0&#8243; width=\u00bb7\/12&#8243; uncode_shortcode_id=\u00bb194382&#8243;][vc_single_image media=\u00bb155456&#8243; media_lightbox=\u00bbyes\u00bb media_width_percent=\u00bb100&#8243; css_animation=\u00bbzoom-in\u00bb uncode_shortcode_id=\u00bb116244&#8243;][\/vc_column][vc_column column_width_percent=\u00bb100&#8243; position_vertical=\u00bbmiddle\u00bb gutter_size=\u00bb3&#8243; overlay_alpha=\u00bb50&#8243; shift_x=\u00bb0&#8243; shift_y=\u00bb0&#8243; shift_y_down=\u00bb0&#8243; z_index=\u00bb0&#8243; medium_width=\u00bb0&#8243; mobile_width=\u00bb0&#8243; width=\u00bb5\/12&#8243;][vc_custom_heading heading_semantic=\u00bbh3&#8243; text_font=\u00bbfont-928874&#8243; text_size=\u00bbh1&#8243; uncode_shortcode_id=\u00bb193549&#8243;]Planos Viviendas[\/vc_custom_heading][vc_button button_color=\u00bbaccent\u00bb border_width=\u00bb0&#8243; link=\u00bburl:https%3A%2F%2Fcarreteria-9.com%2Fwp-content%2Fuploads%2F2026%2F01%2FPlanos-de-venta-Carreteria-9-V4-1.pdf|\u00bb button_color_type=\u00bbuncode-palette\u00bb uncode_shortcode_id=\u00bb190234&#8243;]DESCARGAR PLANO[\/vc_button][\/vc_column][\/vc_row][vc_row unlock_row_content=\u00bbyes\u00bb row_height_percent=\u00bb0&#8243; override_padding=\u00bbyes\u00bb h_padding=\u00bb2&#8243; top_padding=\u00bb5&#8243; bottom_padding=\u00bb5&#8243; back_image=\u00bb154224&#8243; back_repeat=\u00bbrepeat\u00bb overlay_alpha=\u00bb50&#8243; gutter_size=\u00bb4&#8243; column_width_use_pixel=\u00bbyes\u00bb shift_y=\u00bb0&#8243; z_index=\u00bb0&#8243; content_parallax=\u00bb0&#8243; column_width_pixel=\u00bb1600&#8243; uncode_shortcode_id=\u00bb174306&#8243; back_size=\u00bbauto\u00bb][vc_column column_width_percent=\u00bb100&#8243; gutter_size=\u00bb3&#8243; overlay_alpha=\u00bb50&#8243; shadow=\u00bblg\u00bb shift_x=\u00bb0&#8243; shift_y=\u00bb0&#8243; shift_y_down=\u00bb0&#8243; z_index=\u00bb0&#8243; medium_width=\u00bb0&#8243; mobile_width=\u00bb0&#8243; width=\u00bb7\/12&#8243; uncode_shortcode_id=\u00bb194382&#8243;][vc_single_image media=\u00bb155454&#8243; media_lightbox=\u00bbyes\u00bb media_width_percent=\u00bb100&#8243; css_animation=\u00bbzoom-in\u00bb uncode_shortcode_id=\u00bb188513&#8243;][\/vc_column][vc_column column_width_percent=\u00bb100&#8243; position_vertical=\u00bbmiddle\u00bb gutter_size=\u00bb3&#8243; overlay_alpha=\u00bb50&#8243; shift_x=\u00bb0&#8243; shift_y=\u00bb0&#8243; shift_y_down=\u00bb0&#8243; z_index=\u00bb0&#8243; medium_width=\u00bb0&#8243; mobile_width=\u00bb0&#8243; width=\u00bb5\/12&#8243;][vc_custom_heading heading_semantic=\u00bbh3&#8243; text_font=\u00bbfont-928874&#8243; text_size=\u00bbh1&#8243; uncode_shortcode_id=\u00bb161367&#8243;]Local Comercial[\/vc_custom_heading][vc_button button_color=\u00bbaccent\u00bb border_width=\u00bb0&#8243; link=\u00bburl:https%3A%2F%2Fcarreteria-9.com%2Fwp-content%2Fuploads%2F2026%2F01%2Flocal-comercial.pdf|\u00bb button_color_type=\u00bbuncode-palette\u00bb uncode_shortcode_id=\u00bb781569&#8243;]DESCARGAR PLANO[\/vc_button][\/vc_column][\/vc_row][vc_row unlock_row_content=\u00bbyes\u00bb row_height_percent=\u00bb0&#8243; override_padding=\u00bbyes\u00bb h_padding=\u00bb2&#8243; top_padding=\u00bb5&#8243; bottom_padding=\u00bb5&#8243; back_image=\u00bb154224&#8243; back_repeat=\u00bbrepeat\u00bb overlay_color=\u00bbcolor-157858&#8243; overlay_alpha=\u00bb24&#8243; gutter_size=\u00bb4&#8243; column_width_use_pixel=\u00bbyes\u00bb shift_y=\u00bb0&#8243; z_index=\u00bb0&#8243; content_parallax=\u00bb0&#8243; column_width_pixel=\u00bb1600&#8243; uncode_shortcode_id=\u00bb159681&#8243; back_size=\u00bbauto\u00bb overlay_color_type=\u00bbuncode-palette\u00bb][vc_column column_width_percent=\u00bb100&#8243; gutter_size=\u00bb3&#8243; overlay_alpha=\u00bb50&#8243; shadow=\u00bblg\u00bb shift_x=\u00bb0&#8243; shift_y=\u00bb0&#8243; shift_y_down=\u00bb0&#8243; z_index=\u00bb0&#8243; medium_width=\u00bb0&#8243; mobile_width=\u00bb0&#8243; width=\u00bb7\/12&#8243; uncode_shortcode_id=\u00bb194382&#8243;][vc_single_image media=\u00bb155444&#8243; media_lightbox=\u00bbyes\u00bb media_width_percent=\u00bb100&#8243; css_animation=\u00bbzoom-in\u00bb uncode_shortcode_id=\u00bb595901&#8243;][\/vc_column][vc_column column_width_percent=\u00bb100&#8243; position_vertical=\u00bbmiddle\u00bb gutter_size=\u00bb3&#8243; overlay_alpha=\u00bb50&#8243; shift_x=\u00bb0&#8243; shift_y=\u00bb0&#8243; shift_y_down=\u00bb0&#8243; z_index=\u00bb0&#8243; medium_width=\u00bb0&#8243; mobile_width=\u00bb0&#8243; width=\u00bb5\/12&#8243;][vc_custom_heading heading_semantic=\u00bbh3&#8243; text_font=\u00bbfont-928874&#8243; text_size=\u00bbh1&#8243; uncode_shortcode_id=\u00bb424234&#8243;]Apartamento 0.1[\/vc_custom_heading][vc_custom_heading heading_semantic=\u00bbh3&#8243; text_font=\u00bbfont-170390&#8243; text_size=\u00bbh3&#8243; uncode_shortcode_id=\u00bb812308&#8243;][\/vc_custom_heading][vc_button button_color=\u00bbaccent\u00bb border_width=\u00bb0&#8243; link=\u00bburl:https%3A%2F%2Fcarreteria-9.com%2Fwp-content%2Fuploads%2F2026%2F01%2F0.1.pdf|\u00bb button_color_type=\u00bbuncode-palette\u00bb uncode_shortcode_id=\u00bb111209&#8243;]DESCARGAR PLANO[\/vc_button][\/vc_column][\/vc_row][vc_row unlock_row_content=\u00bbyes\u00bb row_height_percent=\u00bb0&#8243; override_padding=\u00bbyes\u00bb h_padding=\u00bb2&#8243; top_padding=\u00bb5&#8243; bottom_padding=\u00bb5&#8243; back_image=\u00bb154224&#8243; back_repeat=\u00bbrepeat\u00bb overlay_alpha=\u00bb50&#8243; gutter_size=\u00bb4&#8243; column_width_use_pixel=\u00bbyes\u00bb shift_y=\u00bb0&#8243; z_index=\u00bb0&#8243; content_parallax=\u00bb0&#8243; column_width_pixel=\u00bb1600&#8243; uncode_shortcode_id=\u00bb174306&#8243; back_size=\u00bbauto\u00bb][vc_column column_width_percent=\u00bb100&#8243; gutter_size=\u00bb3&#8243; overlay_alpha=\u00bb50&#8243; shadow=\u00bblg\u00bb shift_x=\u00bb0&#8243; shift_y=\u00bb0&#8243; shift_y_down=\u00bb0&#8243; z_index=\u00bb0&#8243; medium_width=\u00bb0&#8243; mobile_width=\u00bb0&#8243; width=\u00bb7\/12&#8243; uncode_shortcode_id=\u00bb194382&#8243;][vc_single_image media=\u00bb155446&#8243; media_lightbox=\u00bbyes\u00bb media_width_percent=\u00bb100&#8243; css_animation=\u00bbzoom-in\u00bb uncode_shortcode_id=\u00bb143819&#8243;][\/vc_column][vc_column column_width_percent=\u00bb100&#8243; position_vertical=\u00bbmiddle\u00bb gutter_size=\u00bb3&#8243; overlay_alpha=\u00bb50&#8243; shift_x=\u00bb0&#8243; shift_y=\u00bb0&#8243; shift_y_down=\u00bb0&#8243; z_index=\u00bb0&#8243; medium_width=\u00bb0&#8243; mobile_width=\u00bb0&#8243; width=\u00bb5\/12&#8243;][vc_custom_heading heading_semantic=\u00bbh3&#8243; text_font=\u00bbfont-928874&#8243; text_size=\u00bbh1&#8243; uncode_shortcode_id=\u00bb123703&#8243;]Apartamento 1.1[\/vc_custom_heading][vc_button button_color=\u00bbaccent\u00bb border_width=\u00bb0&#8243; link=\u00bburl:https%3A%2F%2Fcarreteria-9.com%2Fwp-content%2Fuploads%2F2026%2F01%2F1.1.pdf|\u00bb button_color_type=\u00bbuncode-palette\u00bb uncode_shortcode_id=\u00bb460162&#8243;]DESCARGAR PLANO[\/vc_button][\/vc_column][\/vc_row][vc_row unlock_row_content=\u00bbyes\u00bb row_height_percent=\u00bb0&#8243; override_padding=\u00bbyes\u00bb h_padding=\u00bb2&#8243; top_padding=\u00bb5&#8243; bottom_padding=\u00bb5&#8243; back_image=\u00bb154224&#8243; back_repeat=\u00bbrepeat\u00bb overlay_color=\u00bbcolor-157858&#8243; overlay_alpha=\u00bb24&#8243; gutter_size=\u00bb4&#8243; column_width_use_pixel=\u00bbyes\u00bb shift_y=\u00bb0&#8243; z_index=\u00bb0&#8243; content_parallax=\u00bb0&#8243; column_width_pixel=\u00bb1600&#8243; uncode_shortcode_id=\u00bb159681&#8243; back_size=\u00bbauto\u00bb overlay_color_type=\u00bbuncode-palette\u00bb][vc_column column_width_percent=\u00bb100&#8243; gutter_size=\u00bb3&#8243; overlay_alpha=\u00bb50&#8243; shadow=\u00bblg\u00bb shift_x=\u00bb0&#8243; shift_y=\u00bb0&#8243; shift_y_down=\u00bb0&#8243; z_index=\u00bb0&#8243; medium_width=\u00bb0&#8243; mobile_width=\u00bb0&#8243; width=\u00bb7\/12&#8243; uncode_shortcode_id=\u00bb194382&#8243;][vc_single_image media=\u00bb155448&#8243; media_lightbox=\u00bbyes\u00bb media_width_percent=\u00bb100&#8243; css_animation=\u00bbzoom-in\u00bb uncode_shortcode_id=\u00bb155434&#8243;][\/vc_column][vc_column column_width_percent=\u00bb100&#8243; position_vertical=\u00bbmiddle\u00bb gutter_size=\u00bb3&#8243; overlay_alpha=\u00bb50&#8243; shift_x=\u00bb0&#8243; shift_y=\u00bb0&#8243; shift_y_down=\u00bb0&#8243; z_index=\u00bb0&#8243; medium_width=\u00bb0&#8243; mobile_width=\u00bb0&#8243; width=\u00bb5\/12&#8243;][vc_custom_heading heading_semantic=\u00bbh3&#8243; text_font=\u00bbfont-928874&#8243; text_size=\u00bbh1&#8243; uncode_shortcode_id=\u00bb160614&#8243;]Apartamento 1.2[\/vc_custom_heading][vc_custom_heading heading_semantic=\u00bbh3&#8243; text_font=\u00bbfont-170390&#8243; text_size=\u00bbh3&#8243; uncode_shortcode_id=\u00bb396649&#8243;][\/vc_custom_heading][vc_button button_color=\u00bbaccent\u00bb border_width=\u00bb0&#8243; link=\u00bburl:https%3A%2F%2Fcarreteria-9.com%2Fwp-content%2Fuploads%2F2026%2F01%2F1.2.pdf|\u00bb button_color_type=\u00bbuncode-palette\u00bb uncode_shortcode_id=\u00bb523106&#8243;]DESCARGAR PLANO[\/vc_button][\/vc_column][\/vc_row][vc_row unlock_row_content=\u00bbyes\u00bb row_height_percent=\u00bb0&#8243; override_padding=\u00bbyes\u00bb h_padding=\u00bb2&#8243; top_padding=\u00bb5&#8243; bottom_padding=\u00bb4&#8243; back_image=\u00bb154224&#8243; back_repeat=\u00bbrepeat\u00bb overlay_alpha=\u00bb50&#8243; gutter_size=\u00bb4&#8243; column_width_use_pixel=\u00bbyes\u00bb shift_y=\u00bb0&#8243; z_index=\u00bb0&#8243; content_parallax=\u00bb0&#8243; column_width_pixel=\u00bb1600&#8243; uncode_shortcode_id=\u00bb111233&#8243; back_size=\u00bbauto\u00bb][vc_column column_width_percent=\u00bb100&#8243; gutter_size=\u00bb3&#8243; overlay_alpha=\u00bb50&#8243; shadow=\u00bblg\u00bb shift_x=\u00bb0&#8243; shift_y=\u00bb0&#8243; shift_y_down=\u00bb0&#8243; z_index=\u00bb0&#8243; medium_width=\u00bb0&#8243; mobile_width=\u00bb0&#8243; width=\u00bb1\/1&#8243; uncode_shortcode_id=\u00bb194382&#8243;][vc_single_image media=\u00bb155450&#8243; media_lightbox=\u00bbyes\u00bb media_width_percent=\u00bb100&#8243; css_animation=\u00bbzoom-in\u00bb uncode_shortcode_id=\u00bb252435&#8243;][\/vc_column][\/vc_row][vc_row unlock_row_content=\u00bbyes\u00bb row_height_percent=\u00bb0&#8243; override_padding=\u00bbyes\u00bb h_padding=\u00bb2&#8243; top_padding=\u00bb0&#8243; bottom_padding=\u00bb5&#8243; back_image=\u00bb154224&#8243; back_repeat=\u00bbrepeat\u00bb overlay_alpha=\u00bb50&#8243; gutter_size=\u00bb4&#8243; column_width_use_pixel=\u00bbyes\u00bb shift_y=\u00bb0&#8243; z_index=\u00bb0&#8243; content_parallax=\u00bb0&#8243; column_width_pixel=\u00bb1600&#8243; uncode_shortcode_id=\u00bb492226&#8243; back_size=\u00bbauto\u00bb][vc_column column_width_percent=\u00bb100&#8243; align_horizontal=\u00bbalign_center\u00bb gutter_size=\u00bb3&#8243; overlay_alpha=\u00bb50&#8243; shift_x=\u00bb0&#8243; shift_y=\u00bb0&#8243; shift_y_down=\u00bb0&#8243; z_index=\u00bb0&#8243; medium_width=\u00bb0&#8243; mobile_width=\u00bb0&#8243; width=\u00bb1\/1&#8243; uncode_shortcode_id=\u00bb145451&#8243;][vc_custom_heading heading_semantic=\u00bbh3&#8243; text_font=\u00bbfont-928874&#8243; text_size=\u00bbh1&#8243; uncode_shortcode_id=\u00bb124080&#8243;]Apartamento 2.1[\/vc_custom_heading][vc_custom_heading heading_semantic=\u00bbh3&#8243; text_font=\u00bbfont-170390&#8243; text_size=\u00bbh3&#8243; uncode_shortcode_id=\u00bb850322&#8243;][\/vc_custom_heading][vc_button button_color=\u00bbaccent\u00bb border_width=\u00bb0&#8243; link=\u00bburl:https%3A%2F%2Fcarreteria-9.com%2Fwp-content%2Fuploads%2F2026%2F01%2Fapto-2-1.pdf|\u00bb button_color_type=\u00bbuncode-palette\u00bb uncode_shortcode_id=\u00bb501806&#8243;]DESCARGAR PLANOS[\/vc_button][\/vc_column][\/vc_row][vc_row unlock_row_content=\u00bbyes\u00bb row_height_percent=\u00bb0&#8243; override_padding=\u00bbyes\u00bb h_padding=\u00bb2&#8243; top_padding=\u00bb5&#8243; bottom_padding=\u00bb4&#8243; back_image=\u00bb154224&#8243; back_repeat=\u00bbrepeat\u00bb overlay_color=\u00bbcolor-157858&#8243; overlay_alpha=\u00bb25&#8243; gutter_size=\u00bb4&#8243; column_width_use_pixel=\u00bbyes\u00bb shift_y=\u00bb0&#8243; z_index=\u00bb0&#8243; content_parallax=\u00bb0&#8243; column_width_pixel=\u00bb1600&#8243; uncode_shortcode_id=\u00bb171456&#8243; back_size=\u00bbauto\u00bb overlay_color_type=\u00bbuncode-palette\u00bb][vc_column column_width_percent=\u00bb100&#8243; gutter_size=\u00bb3&#8243; overlay_alpha=\u00bb50&#8243; shadow=\u00bblg\u00bb shift_x=\u00bb0&#8243; shift_y=\u00bb0&#8243; shift_y_down=\u00bb0&#8243; z_index=\u00bb0&#8243; medium_width=\u00bb0&#8243; mobile_width=\u00bb0&#8243; width=\u00bb1\/1&#8243; uncode_shortcode_id=\u00bb194382&#8243;][vc_single_image media=\u00bb155452&#8243; media_lightbox=\u00bbyes\u00bb media_width_percent=\u00bb100&#8243; css_animation=\u00bbzoom-in\u00bb uncode_shortcode_id=\u00bb110847&#8243;][\/vc_column][\/vc_row][vc_row unlock_row_content=\u00bbyes\u00bb row_height_percent=\u00bb0&#8243; override_padding=\u00bbyes\u00bb h_padding=\u00bb2&#8243; top_padding=\u00bb0&#8243; bottom_padding=\u00bb5&#8243; back_image=\u00bb154224&#8243; back_repeat=\u00bbrepeat\u00bb overlay_color=\u00bbcolor-157858&#8243; overlay_alpha=\u00bb26&#8243; gutter_size=\u00bb4&#8243; column_width_use_pixel=\u00bbyes\u00bb shift_y=\u00bb0&#8243; z_index=\u00bb0&#8243; content_parallax=\u00bb0&#8243; column_width_pixel=\u00bb1600&#8243; uncode_shortcode_id=\u00bb234801&#8243; back_size=\u00bbauto\u00bb overlay_color_type=\u00bbuncode-palette\u00bb][vc_column column_width_percent=\u00bb100&#8243; align_horizontal=\u00bbalign_center\u00bb gutter_size=\u00bb3&#8243; overlay_alpha=\u00bb50&#8243; shift_x=\u00bb0&#8243; shift_y=\u00bb0&#8243; shift_y_down=\u00bb0&#8243; z_index=\u00bb0&#8243; medium_width=\u00bb0&#8243; mobile_width=\u00bb0&#8243; width=\u00bb1\/1&#8243; uncode_shortcode_id=\u00bb145451&#8243;][vc_custom_heading heading_semantic=\u00bbh3&#8243; text_font=\u00bbfont-928874&#8243; text_size=\u00bbh1&#8243; uncode_shortcode_id=\u00bb191135&#8243;]Apartamento 2.2[\/vc_custom_heading][vc_custom_heading heading_semantic=\u00bbh3&#8243; text_font=\u00bbfont-170390&#8243; text_size=\u00bbh3&#8243; uncode_shortcode_id=\u00bb233513&#8243;][\/vc_custom_heading][vc_button button_color=\u00bbaccent\u00bb border_width=\u00bb0&#8243; link=\u00bburl:https%3A%2F%2Fcarreteria-9.com%2Fwp-content%2Fuploads%2F2026%2F01%2Fapto-2-2.pdf|\u00bb button_color_type=\u00bbuncode-palette\u00bb uncode_shortcode_id=\u00bb202751&#8243;]DESCARGAR PLANOS[\/vc_button][\/vc_column][\/vc_row][vc_row unlock_row_content=\u00bbyes\u00bb row_height_percent=\u00bb0&#8243; override_padding=\u00bbyes\u00bb h_padding=\u00bb0&#8243; top_padding=\u00bb0&#8243; bottom_padding=\u00bb0&#8243; overlay_alpha=\u00bb50&#8243; gutter_size=\u00bb3&#8243; column_width_percent=\u00bb100&#8243; shift_y=\u00bb0&#8243; z_index=\u00bb0&#8243; content_parallax=\u00bb0&#8243; uncode_shortcode_id=\u00bb166758&#8243;][vc_column width=\u00bb1\/1&#8243;][uncode_block id=\u00bb154302&#8243;][\/vc_column][\/vc_row]<\/p>\n<\/div>","protected":false},"excerpt":{"rendered":"<p>[vc_row row_height_percent=\u00bb100&#8243; override_padding=\u00bbyes\u00bb h_padding=\u00bb0&#8243; top_padding=\u00bb5&#8243; bottom_padding=\u00bb5&#8243; back_color=\u00bbcolor-wayh\u00bb back_image=\u00bb155106&#8243; kburns=\u00bbyes\u00bb overlay_color=\u00bbcolor-wayh\u00bb overlay_alpha=\u00bb50&#8243; gutter_size=\u00bb3&#8243; column_width_percent=\u00bb100&#8243; shift_y=\u00bb0&#8243; z_index=\u00bb0&#8243; content_parallax=\u00bb0&#8243; uncode_shortcode_id=\u00bb142680&#8243; back_color_type=\u00bbuncode-palette\u00bb overlay_color_type=\u00bbuncode-palette\u00bb back_size=\u00bbcontain\u00bb][vc_column [&hellip;]<\/p>\n","protected":false},"author":2,"featured_media":0,"parent":0,"menu_order":0,"comment_status":"closed","ping_status":"closed","template":"","meta":{"footnotes":""},"class_list":["post-154914","page","type-page","status-publish","hentry"],"_links":{"self":[{"href":"https:\/\/carreteria-9.com\/es\/wp-json\/wp\/v2\/pages\/154914","targetHints":{"allow":["GET"]}}],"collection":[{"href":"https:\/\/carreteria-9.com\/es\/wp-json\/wp\/v2\/pages"}],"about":[{"href":"https:\/\/carreteria-9.com\/es\/wp-json\/wp\/v2\/types\/page"}],"author":[{"embeddable":true,"href":"https:\/\/carreteria-9.com\/es\/wp-json\/wp\/v2\/users\/2"}],"replies":[{"embeddable":true,"href":"https:\/\/carreteria-9.com\/es\/wp-json\/wp\/v2\/comments?post=154914"}],"version-history":[{"count":20,"href":"https:\/\/carreteria-9.com\/es\/wp-json\/wp\/v2\/pages\/154914\/revisions"}],"predecessor-version":[{"id":155464,"href":"https:\/\/carreteria-9.com\/es\/wp-json\/wp\/v2\/pages\/154914\/revisions\/155464"}],"wp:attachment":[{"href":"https:\/\/carreteria-9.com\/es\/wp-json\/wp\/v2\/media?parent=154914"}],"curies":[{"name":"wp","href":"https:\/\/api.w.org\/{rel}","templated":true}]}}